{"id":1999,"date":"2020-03-12T15:24:04","date_gmt":"2020-03-12T14:24:04","guid":{"rendered":"https:\/\/globalshipping.it\/?page_id=1999"},"modified":"2026-03-13T14:55:18","modified_gmt":"2026-03-13T13:55:18","slug":"cookie-privacy-policy","status":"publish","type":"page","link":"https:\/\/globalshipping.it\/it\/cookie-privacy-policy\/","title":{"rendered":"Cookie &#038; Privacy policy"},"content":{"rendered":"<div class=\"container \">\t<div class=\"row\">\t\t<div class=\"col-12 col-md-10 col-lg-8 mx-auto\">\n<p><\/p>\n\t\t<\/div>\t<\/div><\/div>\n\n<div class=\"container \">\t<div class=\"row\">\t\t<div class=\"col-12 col-md-10 col-lg-8 mx-auto\">\n<p><\/p>\n\t\t<\/div>\t<\/div><\/div>\n\n<div class=\"container \">\t<div class=\"row\">\t\t<div class=\"col-12 col-md-10 col-lg-8 mx-auto\">\n<p>Global Shipping S.p.A., Societ\u00e0 con sede legale in Via Roma 2 &#8211; 31020 Lancenigo di Villorba (Treviso), Italia (di seguito &#8216;Titolare&#8217;), rappresentata dal suo legale rappresentante ad interim, con la presente la informa, in qualit\u00e0 di Titolare del trattamento, che i suoi dati saranno trattati con le modalit\u00e0 e per le finalit\u00e0 di seguito descritte, ai sensi dell&#8217;art. 13 del Regolamento (UE) 2016\/679 (di seguito &#8220;GDPR&#8221;).<\/p>\n\t\t<\/div>\t<\/div><\/div>\n\n<div class=\"container mt-5 mb-3\">\t<div class=\"row\">\t\t<div class=\"col-12 col-md-10 col-lg-8 mx-auto\">\n<h3 class=\"wp-block-heading\" id=\"1-dati-oggetto-del-trattamento\">1) Dati oggetto del trattamento<\/h3>\n\t\t<\/div>\t<\/div><\/div>\n\n<div class=\"container \">\t<div class=\"row\">\t\t<div class=\"col-12 col-md-10 col-lg-8 mx-auto\">\n<p>Il Titolare tratta i dati personali, ossia i dati identificativi quali nome e cognome, codice fiscale, data e luogo di nascita, indirizzo di residenza, numero di telefono, indirizzo e-mail, coordinate bancarie e altri dati di pagamento (di seguito anche &#8220;dati&#8221;), da lei comunicati nell&#8217;ambito di una transazione commerciale o per l&#8217;adesione a specifici servizi (tra cui l&#8217;iscrizione alla newsletter, la compilazione di moduli di contatto o la richiesta di essere richiamati). Vengono trattati anche i dati di navigazione, ossia le informazioni su tale attivit\u00e0, in maniera dissociata rispetto ai dati identificativi dei soggetti. Questi dati vengono utilizzati al fine di ricavare informazioni statistiche anonime sul traffico del sito e per controllarne il corretto funzionamento.&nbsp;<\/p>\n\t\t<\/div>\t<\/div><\/div>\n\n<div class=\"container mt-5 mb-3\">\t<div class=\"row\">\t\t<div class=\"col-12 col-md-10 col-lg-8 mx-auto\">\n<h3 class=\"wp-block-heading\" id=\"2-base-giuridica-e-finalita-del-trattamento\">2) Base giuridica e finalit\u00e0 del trattamento<\/h3>\n\t\t<\/div>\t<\/div><\/div>\n\n<div class=\"container \">\t<div class=\"row\">\t\t<div class=\"col-12 col-md-10 col-lg-8 mx-auto\">\n<p>I dati personali comunicati saranno trattati:<\/p>\n\t\t<\/div>\t<\/div><\/div>\n\n<div class=\"container \">\t<div class=\"row\">\t\t<div class=\"col-12 col-md-10 col-lg-8 mx-auto\">\n<p>1. Per eseguire eventuali obblighi contrattuali, nonch\u00e9 per adempiere a eventuali obblighi di legge cui \u00e8 soggetto il Titolare. Questo tipo di trattamento \u00e8 necessario per adempiere agli obblighi assunti dal Titolare derivanti da eventuali accordi in essere tra lei e Global Shipping S.p.A., nonch\u00e9 per adempiere ai relativi obblighi di legge.<\/p>\n\t\t<\/div>\t<\/div><\/div>\n\n<div class=\"container \">\t<div class=\"row\">\t\t<div class=\"col-12 col-md-10 col-lg-8 mx-auto\">\n<p>2. Soddisfare specifiche richieste inoltrate attraverso la compilazione dei form di contatto presenti sul sito.<\/p>\n\t\t<\/div>\t<\/div><\/div>\n\n<div class=\"container \">\t<div class=\"row\">\t\t<div class=\"col-12 col-md-10 col-lg-8 mx-auto\">\n<p>3. Per finalit\u00e0 pubblicitarie, che potranno comportare l&#8217;invio di newsletter informative e promozionali via e-mail, ivi comprese comunicazioni commerciali e\/o materiale pubblicitario su prodotti o servizi forniti dal Titolare. Il conferimento dei dati per le finalit\u00e0 di cui ai punti 1. e 2. \u00e8 necessario, altrimenti non sar\u00e0 possibile eseguire il contratto n\u00e9 fornire le informazioni richieste. Tuttavia, il conferimento dei dati e il consenso al loro trattamento per le finalit\u00e0 di cui al punto 3 \u00e8 da considerarsi facoltativo e richiede pertanto il suo consenso, che potr\u00e0 essere revocato in qualsiasi momento. Nel caso in cui lei non fornisca il consenso o lo ritiri in un secondo momento, il relativo servizio non potr\u00e0 essere fornito.<\/p>\n\t\t<\/div>\t<\/div><\/div>\n\n<div class=\"container mt-5 mb-3\">\t<div class=\"row\">\t\t<div class=\"col-12 col-md-10 col-lg-8 mx-auto\">\n<h3 class=\"wp-block-heading\" id=\"3-modalita-di-trattamento-e-periodo-di-conservazione\">3) Modalit\u00e0 di trattamento e periodo di conservazione<\/h3>\n\t\t<\/div>\t<\/div><\/div>\n\n<div class=\"container \">\t<div class=\"row\">\t\t<div class=\"col-12 col-md-10 col-lg-8 mx-auto\">\n<p>Il trattamento dei suoi dati personali \u00e8 realizzato mediante le operazioni descritte nell&#8217;art. 4, comma 2) GDPR, e pi\u00f9 precisamente: raccolta, registrazione, organizzazione, conservazione, consultazione, adattamento, modifica, selezione, recupero, utilizzo, limitazione, divulgazione, cancellazione e distruzione dei dati. I suoi dati personali sono trattati sia in formato cartaceo che elettronico\/digitale.<\/p>\n\t\t<\/div>\t<\/div><\/div>\n\n<div class=\"container \">\t<div class=\"row\">\t\t<div class=\"col-12 col-md-10 col-lg-8 mx-auto\">\n<p>Il Titolare tratta i dati personali:<\/p>\n\t\t<\/div>\t<\/div><\/div>\n\n<div class=\"container \">\t<div class=\"row\">\t\t<div class=\"col-12 col-md-10 col-lg-8 mx-auto\">\n<p>(i) Per il tempo necessario ad adempiere alle finalit\u00e0 di cui alle clausole 1. e 2. del paragrafo precedente, fatta salva la necessit\u00e0 del Titolare di conservare i dati per periodi pi\u00f9 lunghi al fine di stabilire, esercitare o difendere un diritto legale, o quando le autorit\u00e0 giudiziarie svolgono le proprie funzioni.<\/p>\n\t\t<\/div>\t<\/div><\/div>\n\n<div class=\"container \">\t<div class=\"row\">\t\t<div class=\"col-12 col-md-10 col-lg-8 mx-auto\">\n<p>(ii) Nel caso di dati trasmessi a fini pubblicitari ai sensi della clausola 3., fino a quando non viene presentata una comunicazione di opt-out.<\/p>\n\t\t<\/div>\t<\/div><\/div>\n\n<div class=\"container mt-5 mb-3\">\t<div class=\"row\">\t\t<div class=\"col-12 col-md-10 col-lg-8 mx-auto\">\n<h3 class=\"wp-block-heading\" id=\"4-categorie-di-destinatari-dei-dati-personali\">4) Categorie di destinatari dei dati personali<\/h3>\n\t\t<\/div>\t<\/div><\/div>\n\n<div class=\"container mt-5   pb-3\">\t<div class=\"row\">\t\t<div class=\"col-12 col-md-10 col-lg-8 mx-auto\">\n<p>In ogni caso, nel rispetto dei limiti e delle finalit\u00e0 di cui al punto 2), per la loro specifica esecuzione e per le relative ragioni funzionali, i suoi dati personali potranno essere comunicati, oltre che ai Responsabili del trattamento e\/o agli eventuali Sub-responsabili nominati (se presenti) e ai soggetti che agiscono sotto l&#8217;autorit\u00e0 del Titolare, dei Responsabili e dei Sub-responsabili (cio\u00e8 dipendenti e collaboratori interni opportunamente istruiti). I dati personali potranno inoltre essere comunicati a enti, istituzioni e soggetti pubblici per adempiere a un obbligo previsto dalla legge, da un regolamento o dalla normativa comunitaria o per dare esecuzione a un ordine dell&#8217;autorit\u00e0 giudiziaria, nonch\u00e9 ad altri soggetti terzi che ne abbiano specificamente necessit\u00e0 per legge o anche quando la comunicazione dei dati si renda necessaria per la difesa in giudizio degli interessi del Titolare. In ogni caso, potr\u00e0 richiedere l&#8217;aggiornamento dei dati relativi ai Responsabili del trattamento e agli eventuali Sub-responsabili nominati inoltrando una richiesta scritta ai recapiti di cui al successivo punto 7).<\/p>\n\t\t<\/div>\t<\/div><\/div>\n\n<div class=\"container mt-5 mb-3\">\t<div class=\"row\">\t\t<div class=\"col-12 col-md-10 col-lg-8 mx-auto\">\n<h3 class=\"wp-block-heading\" id=\"5-cookie\">5) Cookie<\/h3>\n\t\t<\/div>\t<\/div><\/div>\n\n<div class=\"container mt-5   pb-3\">\t<div class=\"row\">\t\t<div class=\"col-12 col-md-10 col-lg-8 mx-auto\">\n<p>Come molti altri siti web, il sito della societ\u00e0 Global Shipping S.p.A. (www.globalshipping.it) fa uso di cookie &#8211; anche di terze parti &#8211; e tecnologie simili. La invitiamo pertanto a leggere la nostra Cookie Policy per avere maggiori informazioni sul modo in cui il sito web di Global Shipping S.p.A. fa uso dei suddetti strumenti, nonch\u00e9 su come bloccarli.<\/p>\n\t\t<\/div>\t<\/div><\/div>\n\n<div class=\"container mt-5 mb-3\">\t<div class=\"row\">\t\t<div class=\"col-12 col-md-10 col-lg-8 mx-auto\">\n<h3 class=\"wp-block-heading\" id=\"6-diritti-dell-interessato\">6) Diritti dell&#8217;Interessato<\/h3>\n\t\t<\/div>\t<\/div><\/div>\n\n<div class=\"container \">\t<div class=\"row\">\t\t<div class=\"col-12 col-md-10 col-lg-8 mx-auto\">\n<p>a) Accesso: l&#8217;Interessato ha il diritto di ottenere dal Titolare del trattamento la conferma che sia in corso un trattamento di dati personali che lo riguardano e, in tal caso, l&#8217;accesso ai dati personali e alle informazioni relative alle finalit\u00e0 del trattamento, alle categorie di dati personali oggetto di trattamento, ai destinatari o alle categorie di destinatari, al periodo di conservazione (se applicabile), il diritto di rettifica, cancellazione, limitazione del trattamento, opposizione e di proporre reclamo a un&#8217;autorit\u00e0 di controllo;<\/p>\n\t\t<\/div>\t<\/div><\/div>\n\n<div class=\"container \">\t<div class=\"row\">\t\t<div class=\"col-12 col-md-10 col-lg-8 mx-auto\">\n<p>b) Rettifica: l&#8217;Interessato ha il diritto di ottenere dal titolare del trattamento la rettifica dei dati personali inesatti che lo riguardano senza ingiustificato ritardo;<\/p>\n\t\t<\/div>\t<\/div><\/div>\n\n<div class=\"container \">\t<div class=\"row\">\t\t<div class=\"col-12 col-md-10 col-lg-8 mx-auto\">\n<p>c) Cancellazione (&#8220;Diritto all&#8217;oblio&#8221;): l&#8217;Interessato ha il diritto di ottenere dal Titolare del trattamento la cancellazione dei dati personali che lo riguardano senza ingiustificato ritardo nei casi previsti dall&#8217;Art. 17 GDPR;<\/p>\n\t\t<\/div>\t<\/div><\/div>\n\n<div class=\"container \">\t<div class=\"row\">\t\t<div class=\"col-12 col-md-10 col-lg-8 mx-auto\">\n<p>d) Limitazione del trattamento: l&#8217;Interessato ha il diritto di ottenere dal Titolare del trattamento la limitazione del trattamento dei dati personali che lo riguardano quando ricorrono gli eventi di cui all&#8217;Art. 18 GDPR;<\/p>\n\t\t<\/div>\t<\/div><\/div>\n\n<div class=\"container \">\t<div class=\"row\">\t\t<div class=\"col-12 col-md-10 col-lg-8 mx-auto\">\n<p>e) Portabilit\u00e0 dei dati: l&#8217;Interessato ha il diritto di ricevere in un formato strutturato, di uso comune e leggibile da dispositivo automatico i dati personali che ha fornito e che lo riguardano, nonch\u00e9 il diritto di trasmettere tali dati a un altro Titolare senza impedimenti da parte del Titolare a cui i dati personali sono stati originariamente forniti nei casi previsti dall&#8217;Art. 20 GDPR;<\/p>\n\t\t<\/div>\t<\/div><\/div>\n\n<div class=\"container \">\t<div class=\"row\">\t\t<div class=\"col-12 col-md-10 col-lg-8 mx-auto\">\n<p>f) Opposizione: l&#8217;Interessato ha il diritto di opporsi in qualsiasi momento al trattamento dei dati personali che lo riguardano nei casi previsti dall&#8217;Art. 21 GDPR;<\/p>\n\t\t<\/div>\t<\/div><\/div>\n\n<div class=\"container \">\t<div class=\"row\">\t\t<div class=\"col-12 col-md-10 col-lg-8 mx-auto\">\n<p>g) Revoca del consenso: l&#8217;interessato ha il diritto di revocare in qualsiasi momento il consenso prestato al Titolare del trattamento e la revoca del consenso non pregiudica la liceit\u00e0 del trattamento basata sul consenso prestato prima della sua revoca;<\/p>\n\t\t<\/div>\t<\/div><\/div>\n\n<div class=\"container \">\t<div class=\"row\">\t\t<div class=\"col-12 col-md-10 col-lg-8 mx-auto\">\n<p>h) Proporre reclamo a un&#8217;autorit\u00e0 di controllo (segnatamente l&#8217;Autorit\u00e0 Garante della Privacy).<\/p>\n\t\t<\/div>\t<\/div><\/div>\n\n<div class=\"container mt-5 mb-3\">\t<div class=\"row\">\t\t<div class=\"col-12 col-md-10 col-lg-8 mx-auto\">\n<h3 class=\"wp-block-heading\" id=\"7-modalita-di-esercizio-dei-suoi-diritti\">7) Modalit\u00e0 di esercizio dei suoi diritti<\/h3>\n\t\t<\/div>\t<\/div><\/div>\n\n<div class=\"container \">\t<div class=\"row\">\t\t<div class=\"col-12 col-md-10 col-lg-8 mx-auto\">\n<p>Potr\u00e0 esercitare i suoi diritti in qualsiasi momento inviando<\/p>\n\t\t<\/div>\t<\/div><\/div>\n\n<div class=\"container \">\t<div class=\"row\">\t\t<div class=\"col-12 col-md-10 col-lg-8 mx-auto\">\n<p>&#8211; una lettera raccomandata indirizzata a Global Shipping S.p.A. &#8211; Via Roma 2 &#8211; 31020 Lancenigo di Villorba (TV), Italia; oppure<\/p>\n\t\t<\/div>\t<\/div><\/div>\n\n<div class=\"container \">\t<div class=\"row\">\t\t<div class=\"col-12 col-md-10 col-lg-8 mx-auto\">\n<p>&#8211; un&#8217;e-mail al seguente indirizzo: <a href=\"mailto:buildexp@globalshipping.it\">buildexp@globalshipping.it<\/a><\/p>\n\t\t<\/div>\t<\/div><\/div>\n\n<div class=\"container mt-5 mb-3\">\t<div class=\"row\">\t\t<div class=\"col-12 col-md-10 col-lg-8 mx-auto\">\n<h3 class=\"wp-block-heading\" id=\"8-note\">8) Note <\/h3>\n\t\t<\/div>\t<\/div><\/div>\n\n<div class=\"container mt-5   pb-3\">\t<div class=\"row\">\t\t<div class=\"col-12 col-md-10 col-lg-8 mx-auto\">\n<p>Si precisa che il presente documento, pubblicato nella pagina\/cookie &amp; privacy-policy, rappresenta la Privacy Policy di questo sito web e potrebbe essere soggetto ad aggiornamenti.<\/p>\n\t\t<\/div>\t<\/div><\/div>","protected":false},"excerpt":{"rendered":"<p>Global Shipping S.p.A., Societ\u00e0 con sede legale in Via Roma 2 &#8211; 31020 Lancenigo di Villorba (Treviso), Italia (di seguito &#8216;Titolare&#8217;), rappresentata dal suo legale rappresentante ad interim, con la presente la informa, in qualit\u00e0 di Titolare del trattamento, che i suoi dati saranno trattati con le modalit\u00e0 e per le finalit\u00e0 di seguito descritte, [&hellip;]<\/p>\n","protected":false},"author":5,"featured_media":1518,"parent":0,"menu_order":40,"comment_status":"closed","ping_status":"closed","template":"","meta":{"_acf_changed":false,"_gspb_post_css":""},"class_list":["post-1999","page","type-page","status-publish","has-post-thumbnail","hentry"],"acf":[],"yoast_head":"<!-- This site is optimized with the Yoast SEO plugin v26.8 - https:\/\/yoast.com\/product\/yoast-seo-wordpress\/ -->\n<title>Cookie &amp; Privacy Policy | Global Shipping<\/title>\n<meta name=\"description\" content=\"Informativa sulla privacy e cookie policy di Global Shipping. Scopri come gestiamo e proteggiamo i tuoi dati personali nel rispetto del GDPR.\" \/>\n<meta name=\"robots\" content=\"noindex, nofollow\" \/>\n<meta property=\"og:locale\" content=\"it_IT\" \/>\n<meta property=\"og:type\" content=\"article\" \/>\n<meta property=\"og:title\" content=\"Cookie &amp; Privacy Policy | Global Shipping\" \/>\n<meta property=\"og:description\" content=\"Informativa sulla privacy e cookie policy di Global Shipping. Scopri come gestiamo e proteggiamo i tuoi dati personali nel rispetto del GDPR.\" \/>\n<meta property=\"og:url\" content=\"https:\/\/globalshipping.it\/it\/cookie-privacy-policy\/\" \/>\n<meta property=\"og:site_name\" content=\"Global Shipping\" \/>\n<meta property=\"article:modified_time\" content=\"2026-03-13T13:55:18+00:00\" \/>\n<meta property=\"og:image\" content=\"https:\/\/globalshipping.it\/ssnt-content\/uploads\/2020\/05\/privacy-hero.jpg\" \/>\n\t<meta property=\"og:image:width\" content=\"1440\" \/>\n\t<meta property=\"og:image:height\" content=\"280\" \/>\n\t<meta property=\"og:image:type\" content=\"image\/jpeg\" \/>\n<meta name=\"twitter:card\" content=\"summary_large_image\" \/>\n<meta name=\"twitter:label1\" content=\"Tempo di lettura stimato\" \/>\n\t<meta name=\"twitter:data1\" content=\"6 minuti\" \/>\n<script type=\"application\/ld+json\" class=\"yoast-schema-graph\">{\"@context\":\"https:\/\/schema.org\",\"@graph\":[{\"@type\":\"WebPage\",\"@id\":\"https:\/\/globalshipping.it\/it\/cookie-privacy-policy\/\",\"url\":\"https:\/\/globalshipping.it\/it\/cookie-privacy-policy\/\",\"name\":\"Cookie & Privacy Policy | Global Shipping\",\"isPartOf\":{\"@id\":\"https:\/\/globalshipping.it\/it\/#website\"},\"primaryImageOfPage\":{\"@id\":\"https:\/\/globalshipping.it\/it\/cookie-privacy-policy\/#primaryimage\"},\"image\":{\"@id\":\"https:\/\/globalshipping.it\/it\/cookie-privacy-policy\/#primaryimage\"},\"thumbnailUrl\":\"https:\/\/globalshipping.it\/ssnt-content\/uploads\/2020\/05\/privacy-hero.jpg\",\"datePublished\":\"2020-03-12T14:24:04+00:00\",\"dateModified\":\"2026-03-13T13:55:18+00:00\",\"description\":\"Informativa sulla privacy e cookie policy di Global Shipping. Scopri come gestiamo e proteggiamo i tuoi dati personali nel rispetto del GDPR.\",\"breadcrumb\":{\"@id\":\"https:\/\/globalshipping.it\/it\/cookie-privacy-policy\/#breadcrumb\"},\"inLanguage\":\"it-IT\",\"potentialAction\":[{\"@type\":\"ReadAction\",\"target\":[\"https:\/\/globalshipping.it\/it\/cookie-privacy-policy\/\"]}]},{\"@type\":\"ImageObject\",\"inLanguage\":\"it-IT\",\"@id\":\"https:\/\/globalshipping.it\/it\/cookie-privacy-policy\/#primaryimage\",\"url\":\"https:\/\/globalshipping.it\/ssnt-content\/uploads\/2020\/05\/privacy-hero.jpg\",\"contentUrl\":\"https:\/\/globalshipping.it\/ssnt-content\/uploads\/2020\/05\/privacy-hero.jpg\",\"width\":1440,\"height\":280},{\"@type\":\"BreadcrumbList\",\"@id\":\"https:\/\/globalshipping.it\/it\/cookie-privacy-policy\/#breadcrumb\",\"itemListElement\":[{\"@type\":\"ListItem\",\"position\":1,\"name\":\"Homepage\",\"item\":\"https:\/\/globalshipping.it\/it\/\"},{\"@type\":\"ListItem\",\"position\":2,\"name\":\"Cookie &#038; Privacy policy\"}]},{\"@type\":\"WebSite\",\"@id\":\"https:\/\/globalshipping.it\/it\/#website\",\"url\":\"https:\/\/globalshipping.it\/it\/\",\"name\":\"Global Shipping\",\"description\":\"\",\"publisher\":{\"@id\":\"https:\/\/globalshipping.it\/it\/#organization\"},\"potentialAction\":[{\"@type\":\"SearchAction\",\"target\":{\"@type\":\"EntryPoint\",\"urlTemplate\":\"https:\/\/globalshipping.it\/it\/?s={search_term_string}\"},\"query-input\":{\"@type\":\"PropertyValueSpecification\",\"valueRequired\":true,\"valueName\":\"search_term_string\"}}],\"inLanguage\":\"it-IT\"},{\"@type\":\"Organization\",\"@id\":\"https:\/\/globalshipping.it\/it\/#organization\",\"name\":\"Global Shipping\",\"url\":\"https:\/\/globalshipping.it\/it\/\",\"logo\":{\"@type\":\"ImageObject\",\"inLanguage\":\"it-IT\",\"@id\":\"https:\/\/globalshipping.it\/it\/#\/schema\/logo\/image\/\",\"url\":\"https:\/\/globalshipping.it\/ssnt-content\/uploads\/2020\/05\/globalshipping-logo-small.jpg\",\"contentUrl\":\"https:\/\/globalshipping.it\/ssnt-content\/uploads\/2020\/05\/globalshipping-logo-small.jpg\",\"width\":300,\"height\":300,\"caption\":\"Global Shipping\"},\"image\":{\"@id\":\"https:\/\/globalshipping.it\/it\/#\/schema\/logo\/image\/\"},\"sameAs\":[\"https:\/\/www.linkedin.com\/company\/global-shipping-s.p.a.\/\"]}]}<\/script>\n<!-- \/ Yoast SEO plugin. -->","yoast_head_json":{"title":"Cookie & Privacy Policy | Global Shipping","description":"Informativa sulla privacy e cookie policy di Global Shipping. Scopri come gestiamo e proteggiamo i tuoi dati personali nel rispetto del GDPR.","robots":{"index":"noindex","follow":"nofollow"},"og_locale":"it_IT","og_type":"article","og_title":"Cookie & Privacy Policy | Global Shipping","og_description":"Informativa sulla privacy e cookie policy di Global Shipping. Scopri come gestiamo e proteggiamo i tuoi dati personali nel rispetto del GDPR.","og_url":"https:\/\/globalshipping.it\/it\/cookie-privacy-policy\/","og_site_name":"Global Shipping","article_modified_time":"2026-03-13T13:55:18+00:00","og_image":[{"width":1440,"height":280,"url":"https:\/\/globalshipping.it\/ssnt-content\/uploads\/2020\/05\/privacy-hero.jpg","type":"image\/jpeg"}],"twitter_card":"summary_large_image","twitter_misc":{"Tempo di lettura stimato":"6 minuti"},"schema":{"@context":"https:\/\/schema.org","@graph":[{"@type":"WebPage","@id":"https:\/\/globalshipping.it\/it\/cookie-privacy-policy\/","url":"https:\/\/globalshipping.it\/it\/cookie-privacy-policy\/","name":"Cookie & Privacy Policy | Global Shipping","isPartOf":{"@id":"https:\/\/globalshipping.it\/it\/#website"},"primaryImageOfPage":{"@id":"https:\/\/globalshipping.it\/it\/cookie-privacy-policy\/#primaryimage"},"image":{"@id":"https:\/\/globalshipping.it\/it\/cookie-privacy-policy\/#primaryimage"},"thumbnailUrl":"https:\/\/globalshipping.it\/ssnt-content\/uploads\/2020\/05\/privacy-hero.jpg","datePublished":"2020-03-12T14:24:04+00:00","dateModified":"2026-03-13T13:55:18+00:00","description":"Informativa sulla privacy e cookie policy di Global Shipping. Scopri come gestiamo e proteggiamo i tuoi dati personali nel rispetto del GDPR.","breadcrumb":{"@id":"https:\/\/globalshipping.it\/it\/cookie-privacy-policy\/#breadcrumb"},"inLanguage":"it-IT","potentialAction":[{"@type":"ReadAction","target":["https:\/\/globalshipping.it\/it\/cookie-privacy-policy\/"]}]},{"@type":"ImageObject","inLanguage":"it-IT","@id":"https:\/\/globalshipping.it\/it\/cookie-privacy-policy\/#primaryimage","url":"https:\/\/globalshipping.it\/ssnt-content\/uploads\/2020\/05\/privacy-hero.jpg","contentUrl":"https:\/\/globalshipping.it\/ssnt-content\/uploads\/2020\/05\/privacy-hero.jpg","width":1440,"height":280},{"@type":"BreadcrumbList","@id":"https:\/\/globalshipping.it\/it\/cookie-privacy-policy\/#breadcrumb","itemListElement":[{"@type":"ListItem","position":1,"name":"Homepage","item":"https:\/\/globalshipping.it\/it\/"},{"@type":"ListItem","position":2,"name":"Cookie &#038; Privacy policy"}]},{"@type":"WebSite","@id":"https:\/\/globalshipping.it\/it\/#website","url":"https:\/\/globalshipping.it\/it\/","name":"Global Shipping","description":"","publisher":{"@id":"https:\/\/globalshipping.it\/it\/#organization"},"potentialAction":[{"@type":"SearchAction","target":{"@type":"EntryPoint","urlTemplate":"https:\/\/globalshipping.it\/it\/?s={search_term_string}"},"query-input":{"@type":"PropertyValueSpecification","valueRequired":true,"valueName":"search_term_string"}}],"inLanguage":"it-IT"},{"@type":"Organization","@id":"https:\/\/globalshipping.it\/it\/#organization","name":"Global Shipping","url":"https:\/\/globalshipping.it\/it\/","logo":{"@type":"ImageObject","inLanguage":"it-IT","@id":"https:\/\/globalshipping.it\/it\/#\/schema\/logo\/image\/","url":"https:\/\/globalshipping.it\/ssnt-content\/uploads\/2020\/05\/globalshipping-logo-small.jpg","contentUrl":"https:\/\/globalshipping.it\/ssnt-content\/uploads\/2020\/05\/globalshipping-logo-small.jpg","width":300,"height":300,"caption":"Global Shipping"},"image":{"@id":"https:\/\/globalshipping.it\/it\/#\/schema\/logo\/image\/"},"sameAs":["https:\/\/www.linkedin.com\/company\/global-shipping-s.p.a.\/"]}]}},"_links":{"self":[{"href":"https:\/\/globalshipping.it\/it\/wp-json\/wp\/v2\/pages\/1999","targetHints":{"allow":["GET"]}}],"collection":[{"href":"https:\/\/globalshipping.it\/it\/wp-json\/wp\/v2\/pages"}],"about":[{"href":"https:\/\/globalshipping.it\/it\/wp-json\/wp\/v2\/types\/page"}],"author":[{"embeddable":true,"href":"https:\/\/globalshipping.it\/it\/wp-json\/wp\/v2\/users\/5"}],"replies":[{"embeddable":true,"href":"https:\/\/globalshipping.it\/it\/wp-json\/wp\/v2\/comments?post=1999"}],"version-history":[{"count":0,"href":"https:\/\/globalshipping.it\/it\/wp-json\/wp\/v2\/pages\/1999\/revisions"}],"wp:featuredmedia":[{"embeddable":true,"href":"https:\/\/globalshipping.it\/it\/wp-json\/wp\/v2\/media\/1518"}],"wp:attachment":[{"href":"https:\/\/globalshipping.it\/it\/wp-json\/wp\/v2\/media?parent=1999"}],"curies":[{"name":"wp","href":"https:\/\/api.w.org\/{rel}","templated":true}]}}